{"id":30,"date":"2016-07-27T13:22:09","date_gmt":"2016-07-27T11:22:09","guid":{"rendered":"http:\/\/1912.pl\/?page_id=30"},"modified":"2016-09-30T19:59:19","modified_gmt":"2016-09-30T17:59:19","slug":"o-mnie","status":"publish","type":"page","link":"https:\/\/www.1912.pl\/?page_id=30","title":{"rendered":"O mnie i mojej pasji"},"content":{"rendered":"<p>Na codzie\u0144 jestem pracownikiem du\u017cej firmy w du\u017cym mie\u015bcie. Wykonuj\u0119 \u015bcis\u0142\u0105, analityczn\u0105 prac\u0119. Liczby, wykresy, raporty. Po pracy\u00a0wybieram rozrywki zdecydowanie humanistyczne.\u00a0W nich odnajduj\u0119 prawdziw\u0105 rado\u015b\u0107 i odskoczni\u0119. Uwielbiam muzyk\u0119 klasyczn\u0105, sztuk\u0119 i architektur\u0119 minionych wiek\u00f3w, malarstwo, rze\u017ab\u0119, wystr\u00f3j wn\u0119trz ale tak\u017ce\u00a0pi\u0119kn\u0105 przyrod\u0119, natur\u0119 i\u00a0zwierz\u0119ta. Dzi\u0119ki najbli\u017cszym, kt\u00f3rzy od dziecka pokazywali mi r\u00f3\u017cnorodne dyscypliny, jako doros\u0142y i ukszta\u0142towany cz\u0142owiek, pozostaj\u0119 otwarty na wiele ciekawych temat\u00f3w. Jednym z nich, kt\u00f3ry interesuje mnie od czas\u00f3w wczesnej m\u0142odo\u015bci, jest historia dawnych podr\u00f3\u017cy morskich prze\u0142omu wiek\u00f3w.\u00a0W tym s\u0142ynnego\u00a0Titanica oraz linii White Star Line.<\/p>\n<p><img decoding=\"async\" loading=\"lazy\" class=\"aligncenter wp-image-343\" src=\"http:\/\/www.1912.pl\/wp-content\/uploads\/2016\/07\/Autor1-300x220.jpg\" alt=\"autor1\" width=\"329\" height=\"241\" srcset=\"https:\/\/www.1912.pl\/wp-content\/uploads\/2016\/07\/Autor1-300x220.jpg 300w, https:\/\/www.1912.pl\/wp-content\/uploads\/2016\/07\/Autor1.jpg 682w\" sizes=\"(max-width: 329px) 100vw, 329px\" \/><\/p>\n<p>Pewnego dnia kole\u017canka\u00a0za\u017cartowa\u0142a, \u017ce m\u00f3g\u0142bym by\u0107 wynajmowany na rauty w ambasadzie, celem zabawiania go\u015bci\u00a0interesuj\u0105cymi historyjkami przy lampce szampana. W zwi\u0105zku z tym, p\u00f3\u0142 \u017cartem, p\u00f3\u0142 serio, rozpoczynam przygod\u0119 z blogiem, maj\u0105c w g\u0142owie\u00a0wiele ciekawych temat\u00f3w z zakresu wystroju i wyposa\u017cenia najbardziej znanego i fascynuj\u0105cego statku na \u015bwiecie.<\/p>\n<p>Krzysztof<\/p>\n","protected":false},"excerpt":{"rendered":"<p>Na codzie\u0144 jestem pracownikiem du\u017cej firmy w du\u017cym mie\u015bcie. Wykonuj\u0119 \u015bcis\u0142\u0105, analityczn\u0105 prac\u0119. Liczby, wykresy, raporty. Po pracy\u00a0wybieram rozrywki zdecydowanie humanistyczne.\u00a0W nich odnajduj\u0119 prawdziw\u0105 rado\u015b\u0107 i odskoczni\u0119. Uwielbiam muzyk\u0119 klasyczn\u0105, sztuk\u0119 i architektur\u0119 minionych wiek\u00f3w, malarstwo, rze\u017ab\u0119, wystr\u00f3j wn\u0119trz ale tak\u017ce\u00a0pi\u0119kn\u0105 przyrod\u0119, natur\u0119 i\u00a0zwierz\u0119ta. Dzi\u0119ki najbli\u017cszym, kt\u00f3rzy od dziecka pokazywali mi r\u00f3\u017cnorodne dyscypliny, jako doros\u0142y [&hellip;]<\/p>\n","protected":false},"author":1,"featured_media":0,"parent":0,"menu_order":0,"comment_status":"closed","ping_status":"closed","template":"","meta":[],"_links":{"self":[{"href":"https:\/\/www.1912.pl\/index.php?rest_route=\/wp\/v2\/pages\/30"}],"collection":[{"href":"https:\/\/www.1912.pl\/index.php?rest_route=\/wp\/v2\/pages"}],"about":[{"href":"https:\/\/www.1912.pl\/index.php?rest_route=\/wp\/v2\/types\/page"}],"author":[{"embeddable":true,"href":"https:\/\/www.1912.pl\/index.php?rest_route=\/wp\/v2\/users\/1"}],"replies":[{"embeddable":true,"href":"https:\/\/www.1912.pl\/index.php?rest_route=%2Fwp%2Fv2%2Fcomments&post=30"}],"version-history":[{"count":18,"href":"https:\/\/www.1912.pl\/index.php?rest_route=\/wp\/v2\/pages\/30\/revisions"}],"predecessor-version":[{"id":345,"href":"https:\/\/www.1912.pl\/index.php?rest_route=\/wp\/v2\/pages\/30\/revisions\/345"}],"wp:attachment":[{"href":"https:\/\/www.1912.pl\/index.php?rest_route=%2Fwp%2Fv2%2Fmedia&parent=30"}],"curies":[{"name":"wp","href":"https:\/\/api.w.org\/{rel}","templated":true}]}}