{"id":28,"date":"2016-07-27T13:21:24","date_gmt":"2016-07-27T11:21:24","guid":{"rendered":"http:\/\/1912.pl\/?page_id=28"},"modified":"2016-09-14T14:00:07","modified_gmt":"2016-09-14T12:00:07","slug":"idea","status":"publish","type":"page","link":"https:\/\/www.1912.pl\/?page_id=28","title":{"rendered":"Dlaczego powsta\u0142 blog"},"content":{"rendered":"<p>G\u0142\u00f3wnym powodem powstania tej strony jest motywacja, jak\u0105 zaszczepili we mnie bliscy znajomi, do podzielenia si\u0119 moj\u0105 niszow\u0105 pasj\u0105 z innymi\u00a0i jednocze\u015bnie ch\u0119\u0107 wype\u0142nienia pustej przestrzeni w polskim internecie. W sieci znajdziecie co najmniej kilkana\u015bcie polskich stron o Titanicu, pisanych w spos\u00f3b chaotyczny, nie zawsze zawieraj\u0105cych prawdziwe informacje. Kilkana\u015bcie lat zg\u0142\u0119biania tej tematyki pozwoli\u0142o mi naby\u0107 umiej\u0119tno\u015b\u0107 oceny, czy dana pozycja przekazuje warto\u015bciow\u0105, zgodn\u0105\u00a0z prawd\u0105 historyczn\u0105\u00a0wiedz\u0119.<\/p>\n<p>Ponadto,\u00a0nie istnieje w polskim internecie tematyka dawnych podr\u00f3\u017cy na luksusowych statkach pasa\u017cerskich w kontek\u015bcie tego, z czego korzystali pasa\u017cerowie: porcelany, sztu\u0107c\u00f3w, srebrnych plater\u00f3w. Dzi\u015b s\u0105 to cz\u0119sto jedyne pami\u0105tki po tym, jak wygl\u0105da\u0142o \u017cycie na pok\u0142adzie 100 lat temu.\u00a0 Pami\u0105tki te mo\u017cna ogl\u0105da\u0107 na podr\u00f3\u017cuj\u0105cych wystawach w r\u00f3\u017cnych krajach\u00a0lub w zagranicznych muzeach. Czasem w nat\u0142oku ludzi i atrakcji uwa\u017cne zapoznanie si\u0119 z detalami danego przedmiotu nie jest mo\u017cliwe.<\/p>\n<p>Blog rozwijany b\u0119dzie g\u0142\u00f3wnie w kontek\u015bcie White Star Line, armatora, kt\u00f3ry w swojej flocie posiada\u0142 najs\u0142ynniejszy statek \u015bwiata \u2013 Titanica oraz inne wspania\u0142e jednostki.<\/p>\n<p>Dzi\u0119kuj\u0119:<\/p>\n<p>&#8211; mojemu przyjacielowi Darkowi za motywacj\u0119 i szereg rozm\u00f3w, kt\u00f3re ukierunkowa\u0142y mnie na stworzenie tej strony<\/p>\n<p>&#8211;\u00a0<a href=\"http:\/\/www.antifragile.pl\" target=\"_blank\">Igorowi<\/a> za kilka cennych wskaz\u00f3wek, wynikaj\u0105cych z jego blogowej praktyki.<\/p>\n<p>&nbsp;<\/p>\n<p>&nbsp;<\/p>\n","protected":false},"excerpt":{"rendered":"<p>G\u0142\u00f3wnym powodem powstania tej strony jest motywacja, jak\u0105 zaszczepili we mnie bliscy znajomi, do podzielenia si\u0119 moj\u0105 niszow\u0105 pasj\u0105 z innymi\u00a0i jednocze\u015bnie ch\u0119\u0107 wype\u0142nienia pustej przestrzeni w polskim internecie. W sieci znajdziecie co najmniej kilkana\u015bcie polskich stron o Titanicu, pisanych w spos\u00f3b chaotyczny, nie zawsze zawieraj\u0105cych prawdziwe informacje. Kilkana\u015bcie lat zg\u0142\u0119biania tej tematyki pozwoli\u0142o mi [&hellip;]<\/p>\n","protected":false},"author":1,"featured_media":0,"parent":0,"menu_order":0,"comment_status":"closed","ping_status":"closed","template":"","meta":[],"_links":{"self":[{"href":"https:\/\/www.1912.pl\/index.php?rest_route=\/wp\/v2\/pages\/28"}],"collection":[{"href":"https:\/\/www.1912.pl\/index.php?rest_route=\/wp\/v2\/pages"}],"about":[{"href":"https:\/\/www.1912.pl\/index.php?rest_route=\/wp\/v2\/types\/page"}],"author":[{"embeddable":true,"href":"https:\/\/www.1912.pl\/index.php?rest_route=\/wp\/v2\/users\/1"}],"replies":[{"embeddable":true,"href":"https:\/\/www.1912.pl\/index.php?rest_route=%2Fwp%2Fv2%2Fcomments&post=28"}],"version-history":[{"count":19,"href":"https:\/\/www.1912.pl\/index.php?rest_route=\/wp\/v2\/pages\/28\/revisions"}],"predecessor-version":[{"id":338,"href":"https:\/\/www.1912.pl\/index.php?rest_route=\/wp\/v2\/pages\/28\/revisions\/338"}],"wp:attachment":[{"href":"https:\/\/www.1912.pl\/index.php?rest_route=%2Fwp%2Fv2%2Fmedia&parent=28"}],"curies":[{"name":"wp","href":"https:\/\/api.w.org\/{rel}","templated":true}]}}