{"id":146,"date":"2016-07-29T19:38:27","date_gmt":"2016-07-29T17:38:27","guid":{"rendered":"http:\/\/1912.pl\/?page_id=146"},"modified":"2016-07-29T19:39:53","modified_gmt":"2016-07-29T17:39:53","slug":"ksiega-gosci","status":"publish","type":"page","link":"https:\/\/www.1912.pl\/?page_id=146","title":{"rendered":"Ksi\u0119ga Go\u015bci"},"content":{"rendered":"<p>Zapraszam do pozostawienia po sobie \u015bladu!<\/p>\n<div id=\"gwolle_gb\">\n\t\t\t<div id=\"gwolle_gb_write_button\">\n\t\t\t\t<input type=\"button\" value=\"&raquo; Napisz nowy wpis.\" \/>\n\t\t\t<\/div>\n\t\t<form id=\"gwolle_gb_new_entry\" action=\"#\" method=\"POST\" class=\"gwolle_gb_hide gwolle_gb_float\">\n\t\t\t<h3>Napisz nowy wpis do ksi\u0119gi<\/h3>\n\t\t\t<input type=\"hidden\" name=\"gwolle_gb_function\" id=\"gwolle_gb_function\" value=\"add_entry\" \/><input type=\"hidden\" name=\"gwolle_gb_book_id\" id=\"gwolle_gb_book_id\" value=\"1\" \/><div class=\"gwolle_gb_author_name\">\n\t\t\t\t<div class=\"label\"><label for=\"gwolle_gb_author_name\">Imi\u0119: *<\/label><\/div>\n\t\t\t\t<div class=\"input\"><input class=\"wp-exclude-emoji \" value=\"\" type=\"text\" name=\"gwolle_gb_author_name\" id=\"gwolle_gb_author_name\" placeholder=\"Imi\u0119\" required \/><\/div>\n\t\t\t<\/div>\n\t\t\t<div class=\"clearBoth\">&nbsp;<\/div><div class=\"gwolle_gb_author_origin\">\n\t\t\t\t\t<div class=\"label\"><label for=\"gwolle_gb_author_origin\">Miasto:<\/label><\/div>\n\t\t\t\t\t<div class=\"input\"><input class=\"wp-exclude-emoji \" value=\"\" type=\"text\" name=\"gwolle_gb_author_origin\" id=\"gwolle_gb_author_origin\" placeholder=\"Miasto\" \/><\/div>\n\t\t\t\t<\/div>\n\t\t\t\t<div class=\"clearBoth\">&nbsp;<\/div><div class=\"gwolle_gb_author_email\">\n\t\t\t\t<div class=\"label\"><label for=\"gwolle_gb_author_email\">Adres e-mail: *<\/label><\/div>\n\t\t\t\t<div class=\"input\"><input class=\"\" value=\"\" type=\"email\" name=\"gwolle_gb_author_email\" id=\"gwolle_gb_author_email\" placeholder=\"Adres e-mail\"  required \/><\/div>\n\t\t\t<\/div>\n\t\t\t<div class=\"clearBoth\">&nbsp;<\/div><div class=\"gwolle_gb_author_website\">\n\t\t\t\t<div class=\"label\"><label for=\"gwolle_gb_author_website\">Website:<\/label><\/div>\n\t\t\t\t<div class=\"input\"><input class=\"\" value=\"\" type=\"url\" name=\"gwolle_gb_author_website\" id=\"gwolle_gb_author_website\" placeholder=\"Website\"  \/><\/div>\n\t\t\t<\/div>\n\t\t\t<div class=\"clearBoth\">&nbsp;<\/div>\n\t\t\t<div class=\"gwolle_gb_subject\" style=\"display:none;\">\n\t\t\t\t<div class=\"label\"><label for=\"gwolle_gb_subject\">Do not fill this in:\n\t\t\t\t<\/label><\/div>\n\t\t\t\t<div class=\"input\">\n\t\t\t\t\t<input value=\"\" type=\"text\" name=\"gwolle_gb_subject\" id=\"gwolle_gb_subject\" placeholder=\"\" \/>\n\t\t\t\t<\/div>\n\t\t\t<\/div><div class=\"gwolle_gb_content\">\n\t\t\t\t<div class=\"label\"><label for=\"gwolle_gb_content\">Wpis do ksi\u0119gi go\u015bci: *<\/label><\/div>\n\t\t\t\t<div class=\"input\"><textarea name=\"gwolle_gb_content\" id=\"gwolle_gb_content\" class=\"wp-exclude-emoji \" placeholder=\"Wpis do ksi\u0119gi go\u015bci\"  required ><\/textarea><\/div>\n\t\t\t\t<\/div>\n\t\t\t<div class=\"clearBoth\">&nbsp;<\/div><input type=\"hidden\" id=\"gwolle_gb_wpnonce\" name=\"gwolle_gb_wpnonce\" value=\"3ef6222e4c\" \/>\n\t\t\t<div class=\"gwolle_gb_submit\">\n\t\t\t\t<div class=\"label gwolle_gb_invisible\">&nbsp;<\/div>\n\t\t\t\t<div class=\"input\"><input type=\"submit\" name=\"gwolle_gb_submit\" value=\"Wy\u015blij\" \/><\/div>\n\t\t\t<\/div>\n\t\t\t<div class=\"clearBoth\">&nbsp;<\/div>\n\n\t\t\t<div class=\"gwolle_gb_notice\">\n\t\t\t\tPola oznaczone gwiazdk\u0105* s\u0105 wymagane. <br \/>\r\nTw\u00f3j e-mail nie zostanie opublikowany..\n\t\t\t<\/div><\/form><div id=\"gwolle_gb_entries\" class=\"\" data-book_id=\"1\"><!-- Gwolle-GB Entry: Default Template Loaded -->\n\t\t\t\t<div class=\"gb-entry gb-entry_2549 gb-entry-count_1 gwolle_gb_uneven gwolle_gb_first\"><article><div class=\"gb-author-info\"><span class=\"gb-author-avatar\"><img alt='Marcin' src='https:\/\/secure.gravatar.com\/avatar\/81b60c78e7777c374e98f7b5b943ede2?s=32&#038;d=blank&#038;r=g' srcset='https:\/\/secure.gravatar.com\/avatar\/81b60c78e7777c374e98f7b5b943ede2?s=64&#038;d=blank&#038;r=g 2x' class='avatar avatar-32 photo' height='32' width='32' loading='lazy' decoding='async'\/><\/span><span class=\"gb-author-name\">Marcin<\/span><span class=\"gb-author-origin\"> od G\u0142\u00f3wczy\u0144ski<\/span><span class=\"gb-datetime\">\n\t\t\t\t\t\t<span class=\"gb-date\"> wrote on 7 pa\u017adziernik 2018<\/span><span class=\"gb-time\"> at 11:14<\/span>:<\/span> <\/div><div class=\"gb-entry-content\">Od lat pasjonuj\u0119 si\u0119 Titanikiem i jego histori\u0105. Odwiedzenie wystawy w Krakowie by\u0142o dla mnie du\u017cym prze\u017cyciem. Dotkn\u0105\u0107 i zobaczy\u0107 histori\u0119, kt\u00f3r\u0105 do tej pory mog\u0142em jedynie zobaczy\u0107 na ekranie i literaturze. Dlatego jest pod wra\u017ceniem pasji i jestem fanem strony. Pozdrawiam<\/div>\n\t\t\t<\/article><\/div>\n\t\t\t<div class=\"gb-entry gb-entry_900 gb-entry-count_2 gwolle_gb_even\"><article><div class=\"gb-author-info\"><span class=\"gb-author-avatar\"><img alt='Mariusz' src='https:\/\/secure.gravatar.com\/avatar\/fc2b37e4c1afe4fbfb37c98426042b5b?s=32&#038;d=blank&#038;r=g' srcset='https:\/\/secure.gravatar.com\/avatar\/fc2b37e4c1afe4fbfb37c98426042b5b?s=64&#038;d=blank&#038;r=g 2x' class='avatar avatar-32 photo' height='32' width='32' loading='lazy' decoding='async'\/><\/span><span class=\"gb-author-name\"><a href=\"http:\/\/www.antyczek.pl\" target=\"_blank\"\n\t\t\t\ttitle=\"Visit the website of Mariusz: http:\/\/www.antyczek.pl\">Mariusz<\/a><\/span><span class=\"gb-author-origin\"> od z Antyczka<\/span><span class=\"gb-datetime\">\n\t\t\t\t\t\t<span class=\"gb-date\"> wrote on 10 maj 2017<\/span><span class=\"gb-time\"> at 11:08<\/span>:<\/span> <\/div><div class=\"gb-entry-content\">Wspaniale \u017ce strona o tak wyjatkowym temacie kolekcjonerskim powsta\u0142a! Gratuluje pasji i bogatej wiedzy, bez kt\u00f3rej tak wyspecjalizowane hobby nie mia\u0142oby racji bytu. Uk\u0142ony Mariusz<\/div>\n\t\t\t<\/article><\/div>\n\t\t\t<div class=\"gb-entry gb-entry_805 gb-entry-count_3 gwolle_gb_uneven\"><article><div class=\"gb-author-info\"><span class=\"gb-author-avatar\"><img alt='Jurgen' src='https:\/\/secure.gravatar.com\/avatar\/f6aadd53da6d612d6ea9e1893fbdc32a?s=32&#038;d=blank&#038;r=g' srcset='https:\/\/secure.gravatar.com\/avatar\/f6aadd53da6d612d6ea9e1893fbdc32a?s=64&#038;d=blank&#038;r=g 2x' class='avatar avatar-32 photo' height='32' width='32' loading='lazy' decoding='async'\/><\/span><span class=\"gb-author-name\"><a href=\"http:\/\/12inchaction.blogspot.co.uk\/\" target=\"_blank\"\n\t\t\t\ttitle=\"Visit the website of Jurgen: http:\/\/12inchaction.blogspot.co.uk\/\">Jurgen<\/a><\/span><span class=\"gb-author-origin\"> od Gdansk- Worcester<\/span><span class=\"gb-datetime\">\n\t\t\t\t\t\t<span class=\"gb-date\"> wrote on 26 kwiecie\u0144 2017<\/span><span class=\"gb-time\"> at 14:13<\/span>:<\/span> <\/div><div class=\"gb-entry-content\">Od dzisiaj jestem fanem. Gratuluje pasji.<\/div>\n\t\t\t<\/article><\/div>\n\t\t\t<div class=\"gb-entry gb-entry_63 gb-entry-count_4 gwolle_gb_even\"><article><div class=\"gb-author-info\"><span class=\"gb-author-avatar\"><img alt='Francisamect' src='https:\/\/secure.gravatar.com\/avatar\/a9ecb0426b03282aa7baf890336f8a66?s=32&#038;d=blank&#038;r=g' srcset='https:\/\/secure.gravatar.com\/avatar\/a9ecb0426b03282aa7baf890336f8a66?s=64&#038;d=blank&#038;r=g 2x' class='avatar avatar-32 photo' height='32' width='32' loading='lazy' decoding='async'\/><\/span><span class=\"gb-author-name\"><a href=\"http:\/\/jakirower.co.pl\" target=\"_blank\"\n\t\t\t\ttitle=\"Visit the website of Francisamect: http:\/\/jakirower.co.pl\">Francisamect<\/a><\/span><span class=\"gb-author-origin\"> od Francisamect<\/span><span class=\"gb-datetime\">\n\t\t\t\t\t\t<span class=\"gb-date\"> wrote on 14 stycze\u0144 2017<\/span><span class=\"gb-time\"> at 12:51<\/span>:<\/span> <\/div><div class=\"gb-entry-content\">Bardzo fajna strona, znalaz\u0142am tutaj mn\u00f3stwo fajnych materia\u0142\u00f3w kt\u00f3re poszerzy\u0142y moj\u0105 wiedz\u0119. Fajnie \u017ce s\u0105 w sieci takie strony. \r\n \r\nKross level b2 opinia<\/div>\n\t\t\t<\/article><\/div>\n\t\t\t<div class=\"gb-entry gb-entry_1 gb-entry-count_5 gwolle_gb_uneven\"><article><div class=\"gb-author-info\"><span class=\"gb-author-avatar\"><img alt='Green Hill' src='https:\/\/secure.gravatar.com\/avatar\/1dced3f520b2fe14cb5aa6988be4c35b?s=32&#038;d=blank&#038;r=g' srcset='https:\/\/secure.gravatar.com\/avatar\/1dced3f520b2fe14cb5aa6988be4c35b?s=64&#038;d=blank&#038;r=g 2x' class='avatar avatar-32 photo' height='32' width='32' loading='lazy' decoding='async'\/><\/span><span class=\"gb-author-name\">Green Hill<\/span><span class=\"gb-datetime\">\n\t\t\t\t\t\t<span class=\"gb-date\"> wrote on 1 pa\u017adziernik 2016<\/span><span class=\"gb-time\"> at 21:50<\/span>:<\/span> <\/div><div class=\"gb-entry-content\">Dotkni\u0119cie jednej struny nadaje brzmienie ca\u0142ej ciszy... Pi\u0119knie. \ud83d\ude42<\/div>\n\t\t\t<\/article><\/div>\n\t\t\t<\/div><\/div>\n","protected":false},"excerpt":{"rendered":"<p>Zapraszam do pozostawienia po sobie \u015bladu!<\/p>\n","protected":false},"author":1,"featured_media":0,"parent":0,"menu_order":5,"comment_status":"closed","ping_status":"closed","template":"","meta":[],"_links":{"self":[{"href":"https:\/\/www.1912.pl\/index.php?rest_route=\/wp\/v2\/pages\/146"}],"collection":[{"href":"https:\/\/www.1912.pl\/index.php?rest_route=\/wp\/v2\/pages"}],"about":[{"href":"https:\/\/www.1912.pl\/index.php?rest_route=\/wp\/v2\/types\/page"}],"author":[{"embeddable":true,"href":"https:\/\/www.1912.pl\/index.php?rest_route=\/wp\/v2\/users\/1"}],"replies":[{"embeddable":true,"href":"https:\/\/www.1912.pl\/index.php?rest_route=%2Fwp%2Fv2%2Fcomments&post=146"}],"version-history":[{"count":1,"href":"https:\/\/www.1912.pl\/index.php?rest_route=\/wp\/v2\/pages\/146\/revisions"}],"predecessor-version":[{"id":147,"href":"https:\/\/www.1912.pl\/index.php?rest_route=\/wp\/v2\/pages\/146\/revisions\/147"}],"wp:attachment":[{"href":"https:\/\/www.1912.pl\/index.php?rest_route=%2Fwp%2Fv2%2Fmedia&parent=146"}],"curies":[{"name":"wp","href":"https:\/\/api.w.org\/{rel}","templated":true}]}}